{"id":35711,"date":"2023-12-13T09:13:28","date_gmt":"2023-12-13T09:13:28","guid":{"rendered":"https:\/\/psikesinema.com\/cart\/"},"modified":"2026-03-30T14:26:10","modified_gmt":"2026-03-30T14:26:10","slug":"cart","status":"publish","type":"page","link":"https:\/\/psikesinema.com\/en\/cart\/","title":{"rendered":"Cart"},"content":{"rendered":"\t\t<div data-elementor-type=\"wp-page\" data-elementor-id=\"35711\" class=\"elementor elementor-35711 elementor-35019\">\n\t\t\t\t<div class=\"elementor-element elementor-element-d69c79f cmsmasters-section-for-header-yes e-flex e-con-boxed cmsmasters-block-default e-con e-parent\" data-id=\"d69c79f\" data-element_type=\"container\" data-e-type=\"container\" data-settings=\"{&quot;background_background&quot;:&quot;classic&quot;}\">\n\t\t\t\t\t<div class=\"e-con-inner\">\n\t\t\t\t<div class=\"elementor-element elementor-element-2775906 cmsmasters-block-default cmsmasters-sticky-default elementor-widget elementor-widget-heading\" data-id=\"2775906\" data-element_type=\"widget\" data-e-type=\"widget\" data-widget_type=\"heading.default\">\n\t\t\t\t\t<h1 class=\"elementor-heading-title elementor-size-default\">Archives<\/h1>\t\t\t\t<\/div>\n\t\t\t\t<div class=\"elementor-element elementor-element-8b5ddaf cmsmasters-breadcrumbs-alignment-right cmsmasters-breadcrumbs-alignment-mobile-left cmsmasters-separator-type-icon cmsmasters-block-default cmsmasters-sticky-default elementor-widget elementor-widget-cmsmasters-breadcrumbs cmsmasters-widget-breadcrumbs\" data-id=\"8b5ddaf\" data-element_type=\"widget\" data-e-type=\"widget\" data-widget_type=\"cmsmasters-breadcrumbs.default\">\n\t\t\t\t\t<div class=\"cmsmasters-widget-breadcrumbs__container\"><div class=\"cmsmasters-widget-breadcrumbs__content\"><a href=\"https:\/\/psikesinema.com\/en\/\" class=\"cmsmasters-home\">Home<\/a><span class=\"cmsmasters-widget-breadcrumbs__sep\"><i aria-hidden=\"true\" class=\"cmsdemo-icon- cms-demo-icon-chevron-right\"><\/i><\/span><span>No breadcrumbs<\/span><\/div><\/div>\t\t\t\t<\/div>\n\t\t\t\t\t<\/div>\n\t\t\t\t<\/div>\n\t\t<div class=\"elementor-element elementor-element-5266460 e-flex e-con-boxed cmsmasters-block-default e-con e-parent\" data-id=\"5266460\" data-element_type=\"container\" data-e-type=\"container\">\n\t\t\t\t\t<div class=\"e-con-inner\">\n\t\t\t\t\t<\/div>\n\t\t\t\t<\/div>\n\t\t\t\t<\/div>\n\t\t","protected":false},"excerpt":{"rendered":"<p>HomeNo breadcrumbs \u00dcr\u00fcn\u00fc \u00e7\u0131kar K\u00fc\u00e7\u00fck resim \u00dcr\u00fcn Fiyat Miktar Toplam &times; Say\u0131 103: Fark\u0131ndal\u0131k &#8378;250.00 Say\u0131 103: Fark\u0131ndal\u0131k&nbsp; adet &#8378;250.00 User Coupon Code Cart Total Toplam &#8378;250.00 Sevkiyat 1 Sabit fiyat: &#8378;50.00 G\u00f6nderim hedefi: kardelen mah 2050 23 yenimahalle bat\u0131kent\/Ankara, 2\/3 5, 06370 Ankara Ad\u0131yaman. Toplam &#8378;300.00 Proceed to Payment<\/p>\n","protected":false},"author":50,"featured_media":0,"parent":0,"menu_order":0,"comment_status":"closed","ping_status":"closed","template":"","meta":{"_acf_changed":false,"pmpro_default_level":"","footnotes":""},"class_list":["post-35711","page","type-page","status-publish","hentry","pmpro-has-access"],"acf":[],"_hostinger_reach_plugin_has_subscription_block":false,"_hostinger_reach_plugin_is_elementor":false,"_links":{"self":[{"href":"https:\/\/psikesinema.com\/en\/wp-json\/wp\/v2\/pages\/35711","targetHints":{"allow":["GET"]}}],"collection":[{"href":"https:\/\/psikesinema.com\/en\/wp-json\/wp\/v2\/pages"}],"about":[{"href":"https:\/\/psikesinema.com\/en\/wp-json\/wp\/v2\/types\/page"}],"author":[{"embeddable":true,"href":"https:\/\/psikesinema.com\/en\/wp-json\/wp\/v2\/users\/50"}],"replies":[{"embeddable":true,"href":"https:\/\/psikesinema.com\/en\/wp-json\/wp\/v2\/comments?post=35711"}],"version-history":[{"count":7,"href":"https:\/\/psikesinema.com\/en\/wp-json\/wp\/v2\/pages\/35711\/revisions"}],"predecessor-version":[{"id":42082,"href":"https:\/\/psikesinema.com\/en\/wp-json\/wp\/v2\/pages\/35711\/revisions\/42082"}],"wp:attachment":[{"href":"https:\/\/psikesinema.com\/en\/wp-json\/wp\/v2\/media?parent=35711"}],"curies":[{"name":"wp","href":"https:\/\/api.w.org\/{rel}","templated":true}]}}