{"id":42328,"date":"2026-04-22T08:11:36","date_gmt":"2026-04-22T08:11:36","guid":{"rendered":"https:\/\/psikesinema.com\/iletisim\/"},"modified":"2026-04-22T08:19:35","modified_gmt":"2026-04-22T08:19:35","slug":"contact","status":"publish","type":"page","link":"https:\/\/psikesinema.com\/en\/contact\/","title":{"rendered":"Contact"},"content":{"rendered":"\t\t<div data-elementor-type=\"wp-page\" data-elementor-id=\"42328\" class=\"elementor elementor-42328 elementor-42323\">\n\t\t\t\t<div class=\"elementor-element elementor-element-6a78420 cmsmasters-section-for-header-yes e-flex e-con-boxed cmsmasters-block-default e-con e-parent\" data-id=\"6a78420\" data-element_type=\"container\" data-e-type=\"container\" data-settings=\"{&quot;background_background&quot;:&quot;classic&quot;}\">\n\t\t\t\t\t<div class=\"e-con-inner\">\n\t\t\t\t<div class=\"elementor-element elementor-element-1412a15 cmsmasters-block-default cmsmasters-sticky-default elementor-widget elementor-widget-heading\" data-id=\"1412a15\" data-element_type=\"widget\" data-e-type=\"widget\" data-widget_type=\"heading.default\">\n\t\t\t\t\t<h1 class=\"elementor-heading-title elementor-size-default\">Archives<\/h1>\t\t\t\t<\/div>\n\t\t\t\t<div class=\"elementor-element elementor-element-4c3eea6 cmsmasters-breadcrumbs-alignment-right cmsmasters-breadcrumbs-alignment-mobile-left cmsmasters-separator-type-icon cmsmasters-block-default cmsmasters-sticky-default elementor-widget elementor-widget-cmsmasters-breadcrumbs cmsmasters-widget-breadcrumbs\" data-id=\"4c3eea6\" data-element_type=\"widget\" data-e-type=\"widget\" data-widget_type=\"cmsmasters-breadcrumbs.default\">\n\t\t\t\t\t<div class=\"cmsmasters-widget-breadcrumbs__container\"><div class=\"cmsmasters-widget-breadcrumbs__content\"><a href=\"https:\/\/psikesinema.com\/en\/\" class=\"cmsmasters-home\">Ana Sayfa<\/a><span class=\"cmsmasters-widget-breadcrumbs__sep\"><i aria-hidden=\"true\" class=\"cmsdemo-icon- cms-demo-icon-chevron-right\"><\/i><\/span><span>No breadcrumbs<\/span><\/div><\/div>\t\t\t\t<\/div>\n\t\t\t\t\t<\/div>\n\t\t\t\t<\/div>\n\t\t<div class=\"elementor-element elementor-element-65cf355 e-flex e-con-boxed cmsmasters-block-default e-con e-parent\" data-id=\"65cf355\" data-element_type=\"container\" data-e-type=\"container\">\n\t\t\t\t\t<div class=\"e-con-inner\">\n\t\t<div class=\"elementor-element elementor-element-d017e8a e-con-full e-flex cmsmasters-block-default e-con e-child\" data-id=\"d017e8a\" data-element_type=\"container\" data-e-type=\"container\">\n\t\t\t\t<div class=\"elementor-element elementor-element-3335e8d cmsmasters-block-default cmsmasters-sticky-default elementor-widget elementor-widget-image\" data-id=\"3335e8d\" data-element_type=\"widget\" data-e-type=\"widget\" data-widget_type=\"image.default\">\n\t\t\t\t\t\t\t\t\t\t\t\t\t\t\t<img fetchpriority=\"high\" decoding=\"async\" width=\"640\" height=\"640\" src=\"https:\/\/psikesinema.com\/wp-content\/uploads\/2023\/11\/newsletter-1.webp\" class=\"attachment-full size-full wp-image-35553\" alt=\"\" srcset=\"https:\/\/psikesinema.com\/wp-content\/uploads\/2023\/11\/newsletter-1.webp 640w, https:\/\/psikesinema.com\/wp-content\/uploads\/2023\/11\/newsletter-1-300x300.webp 300w, https:\/\/psikesinema.com\/wp-content\/uploads\/2023\/11\/newsletter-1-100x100.webp 100w, https:\/\/psikesinema.com\/wp-content\/uploads\/2023\/11\/newsletter-1-600x600.webp 600w, https:\/\/psikesinema.com\/wp-content\/uploads\/2023\/11\/newsletter-1-150x150.webp 150w, https:\/\/psikesinema.com\/wp-content\/uploads\/2023\/11\/newsletter-1-260x260.webp 260w, https:\/\/psikesinema.com\/wp-content\/uploads\/2023\/11\/newsletter-1-30x30.webp 30w, https:\/\/psikesinema.com\/wp-content\/uploads\/2023\/11\/newsletter-1-10x10.webp 10w\" sizes=\"(max-width: 640px) 100vw, 640px\" \/>\t\t\t\t\t\t\t\t\t\t\t\t\t\t\t<\/div>\n\t\t\t\t<\/div>\n\t\t<div class=\"elementor-element elementor-element-03f364c e-con-full e-flex cmsmasters-block-default e-con e-child\" data-id=\"03f364c\" data-element_type=\"container\" data-e-type=\"container\" data-settings=\"{&quot;background_background&quot;:&quot;classic&quot;}\">\n\t\t\t\t<div class=\"elementor-element elementor-element-4f3209a cmsmasters-block-default cmsmasters-sticky-default elementor-widget elementor-widget-heading\" data-id=\"4f3209a\" data-element_type=\"widget\" data-e-type=\"widget\" data-widget_type=\"heading.default\">\n\t\t\t\t\t<h6 class=\"elementor-heading-title elementor-size-default\">Address<\/h6>\t\t\t\t<\/div>\n\t\t\t\t<div class=\"elementor-element elementor-element-b43f433 cmsmasters-block-default cmsmasters-sticky-default elementor-widget elementor-widget-heading\" data-id=\"b43f433\" data-element_type=\"widget\" data-e-type=\"widget\" data-widget_type=\"heading.default\">\n\t\t\t\t\t<p class=\"elementor-heading-title elementor-size-default\">Adres\nRumeli Caddesi M\u00fc\u015ferref Apartman\u0131 No:3\/4 34371\nNi\u015fanta\u015f\u0131 \/ \u0130stanbul\n\nKaraba\u015f, Cumhuriyet Cad. Yuvam Apt. No:170 D:2, 41040 \u0130zmit\/Kocaeli<\/p>\t\t\t\t<\/div>\n\t\t\t\t<div class=\"elementor-element elementor-element-b909e09 cmsmasters-block-default cmsmasters-sticky-default elementor-widget elementor-widget-heading\" data-id=\"b909e09\" data-element_type=\"widget\" data-e-type=\"widget\" data-widget_type=\"heading.default\">\n\t\t\t\t\t<h6 class=\"elementor-heading-title elementor-size-default\">Phone Numbers<\/h6>\t\t\t\t<\/div>\n\t\t\t\t<div class=\"elementor-element elementor-element-73ad08f cmsmasters-block-default cmsmasters-sticky-default elementor-widget elementor-widget-heading\" data-id=\"73ad08f\" data-element_type=\"widget\" data-e-type=\"widget\" data-widget_type=\"heading.default\">\n\t\t\t\t\t<p class=\"elementor-heading-title elementor-size-default\">+90 212 296 93 00\n<\/p>\t\t\t\t<\/div>\n\t\t\t\t<div class=\"elementor-element elementor-element-02e576b cmsmasters-block-default cmsmasters-sticky-default elementor-widget elementor-widget-heading\" data-id=\"02e576b\" data-element_type=\"widget\" data-e-type=\"widget\" data-widget_type=\"heading.default\">\n\t\t\t\t\t<p class=\"elementor-heading-title elementor-size-default\">+90 555 998 25 45<\/p>\t\t\t\t<\/div>\n\t\t\t\t<div class=\"elementor-element elementor-element-1c361ff cmsmasters-block-default cmsmasters-sticky-default elementor-widget elementor-widget-heading\" data-id=\"1c361ff\" data-element_type=\"widget\" data-e-type=\"widget\" data-widget_type=\"heading.default\">\n\t\t\t\t\t<h6 class=\"elementor-heading-title elementor-size-default\">E-mail Address<\/h6>\t\t\t\t<\/div>\n\t\t\t\t<div class=\"elementor-element elementor-element-daf2eac cmsmasters-block-default cmsmasters-sticky-default elementor-widget elementor-widget-heading\" data-id=\"daf2eac\" data-element_type=\"widget\" data-e-type=\"widget\" data-widget_type=\"heading.default\">\n\t\t\t\t\t<p class=\"elementor-heading-title elementor-size-default\">info@psikeart.com<\/p>\t\t\t\t<\/div>\n\t\t\t\t<\/div>\n\t\t\t\t\t<\/div>\n\t\t\t\t<\/div>\n\t\t<div class=\"elementor-element elementor-element-84042c8 e-flex e-con-boxed cmsmasters-block-default e-con e-parent\" data-id=\"84042c8\" data-element_type=\"container\" data-e-type=\"container\">\n\t\t\t\t\t<div class=\"e-con-inner\">\n\t\t\t\t<div class=\"elementor-element elementor-element-31c153d cmsmasters-block-default cmsmasters-sticky-default elementor-widget elementor-widget-google_maps\" data-id=\"31c153d\" data-element_type=\"widget\" data-e-type=\"widget\" data-widget_type=\"google_maps.default\">\n\t\t\t\t\t\t\t<div class=\"elementor-custom-embed\">\n\t\t\t<iframe loading=\"lazy\"\n\t\t\t\t\tsrc=\"https:\/\/maps.google.com\/maps?q=psikeart&#038;t=m&#038;z=14&#038;output=embed&#038;iwloc=near\"\n\t\t\t\t\ttitle=\"psikeart\"\n\t\t\t\t\taria-label=\"psikeart\"\n\t\t\t><\/iframe>\n\t\t<\/div>\n\t\t\t\t\t\t<\/div>\n\t\t\t\t\t<\/div>\n\t\t\t\t<\/div>\n\t\t\t\t<\/div>\n\t\t","protected":false},"excerpt":{"rendered":"<p>Ana SayfaNo breadcrumbs Address Adres Rumeli Caddesi M\u00fc\u015ferref Apartman\u0131 No:3\/4 34371 Ni\u015fanta\u015f\u0131 \/ \u0130stanbul Karaba\u015f, Cumhuriyet Cad. Yuvam Apt. No:170 D:2, 41040 \u0130zmit\/Kocaeli Phone Numbers +90 212 296 93 00 +90 555 998 25 45 E-mail Address info@psikeart.com<\/p>\n","protected":false},"author":1,"featured_media":0,"parent":0,"menu_order":0,"comment_status":"closed","ping_status":"closed","template":"","meta":{"_acf_changed":false,"pmpro_default_level":"","footnotes":""},"class_list":["post-42328","page","type-page","status-publish","hentry","pmpro-has-access"],"acf":[],"_hostinger_reach_plugin_has_subscription_block":false,"_hostinger_reach_plugin_is_elementor":false,"_links":{"self":[{"href":"https:\/\/psikesinema.com\/en\/wp-json\/wp\/v2\/pages\/42328","targetHints":{"allow":["GET"]}}],"collection":[{"href":"https:\/\/psikesinema.com\/en\/wp-json\/wp\/v2\/pages"}],"about":[{"href":"https:\/\/psikesinema.com\/en\/wp-json\/wp\/v2\/types\/page"}],"author":[{"embeddable":true,"href":"https:\/\/psikesinema.com\/en\/wp-json\/wp\/v2\/users\/1"}],"replies":[{"embeddable":true,"href":"https:\/\/psikesinema.com\/en\/wp-json\/wp\/v2\/comments?post=42328"}],"version-history":[{"count":4,"href":"https:\/\/psikesinema.com\/en\/wp-json\/wp\/v2\/pages\/42328\/revisions"}],"predecessor-version":[{"id":42332,"href":"https:\/\/psikesinema.com\/en\/wp-json\/wp\/v2\/pages\/42328\/revisions\/42332"}],"wp:attachment":[{"href":"https:\/\/psikesinema.com\/en\/wp-json\/wp\/v2\/media?parent=42328"}],"curies":[{"name":"wp","href":"https:\/\/api.w.org\/{rel}","templated":true}]}}